{"id":4,"date":"2018-04-10T05:01:00","date_gmt":"2018-04-10T05:01:00","guid":{"rendered":"https:\/\/websitedemos.net\/fnb-blogger-04\/?page_id=4"},"modified":"2025-11-13T22:40:15","modified_gmt":"2025-11-13T20:40:15","slug":"about-me","status":"publish","type":"page","link":"https:\/\/www.pikeeripossu.fi\/index.php\/about-me\/","title":{"rendered":"About Me"},"content":{"rendered":"\t\t<div data-elementor-type=\"wp-page\" data-elementor-id=\"4\" class=\"elementor elementor-4\">\n\t\t\t\t\t\t<section class=\"elementor-section elementor-top-section elementor-element elementor-element-330a0f52 elementor-section-content-top elementor-section-boxed elementor-section-height-default elementor-section-height-default\" data-id=\"330a0f52\" data-element_type=\"section\" data-e-type=\"section\">\n\t\t\t\t\t\t<div class=\"elementor-container elementor-column-gap-no\">\n\t\t\t\t\t<div class=\"elementor-column elementor-col-33 elementor-top-column elementor-element elementor-element-65d9c7c0\" data-id=\"65d9c7c0\" data-element_type=\"column\" data-e-type=\"column\">\n\t\t\t<div class=\"elementor-widget-wrap\">\n\t\t\t\t\t\t\t<\/div>\n\t\t<\/div>\n\t\t\t\t<div class=\"elementor-column elementor-col-33 elementor-top-column elementor-element elementor-element-342863b3\" data-id=\"342863b3\" data-element_type=\"column\" data-e-type=\"column\">\n\t\t\t<div class=\"elementor-widget-wrap elementor-element-populated\">\n\t\t\t\t\t\t<div class=\"elementor-element elementor-element-1ffcf40c elementor-widget elementor-widget-image\" data-id=\"1ffcf40c\" data-element_type=\"widget\" data-e-type=\"widget\" data-widget_type=\"image.default\">\n\t\t\t\t<div class=\"elementor-widget-container\">\n\t\t\t\t\t\t\t\t\t\t\t\t\t\t\t<img fetchpriority=\"high\" decoding=\"async\" width=\"480\" height=\"640\" src=\"https:\/\/www.pikeeripossu.fi\/wp-content\/uploads\/2023\/01\/IMG_7565_jpg.jpg\" class=\"elementor-animation-float attachment-full size-full wp-image-1526\" alt=\"\" srcset=\"https:\/\/www.pikeeripossu.fi\/wp-content\/uploads\/2023\/01\/IMG_7565_jpg.jpg 480w, https:\/\/www.pikeeripossu.fi\/wp-content\/uploads\/2023\/01\/IMG_7565_jpg-225x300.jpg 225w\" sizes=\"(max-width: 480px) 100vw, 480px\" \/>\t\t\t\t\t\t\t\t\t\t\t\t\t\t\t<\/div>\n\t\t\t\t<\/div>\n\t\t\t\t<div class=\"elementor-element elementor-element-72bbf7d2 elementor-widget elementor-widget-text-editor\" data-id=\"72bbf7d2\" data-element_type=\"widget\" data-e-type=\"widget\" data-widget_type=\"text-editor.default\">\n\t\t\t\t<div class=\"elementor-widget-container\">\n\t\t\t\t\t\t\t\t\t<p>Hei, kiva kun eksyit sivuilleni! Olen Pikeeripossu, oikealta nimelt\u00e4ni Laura.<\/p>\t\t\t\t\t\t\t\t<\/div>\n\t\t\t\t<\/div>\n\t\t\t\t\t<\/div>\n\t\t<\/div>\n\t\t\t\t<div class=\"elementor-column elementor-col-33 elementor-top-column elementor-element elementor-element-4e88611e\" data-id=\"4e88611e\" data-element_type=\"column\" data-e-type=\"column\">\n\t\t\t<div class=\"elementor-widget-wrap elementor-element-populated\">\n\t\t\t\t\t\t<div class=\"elementor-element elementor-element-4614db4b elementor-widget elementor-widget-text-editor\" data-id=\"4614db4b\" data-element_type=\"widget\" data-e-type=\"widget\" data-widget_type=\"text-editor.default\">\n\t\t\t\t<div class=\"elementor-widget-container\">\n\t\t\t\t\t\t\t\t\t<p><\/p>\n<div>Sairastan vaikeaa kroonista migreeni\u00e4 ja harrastan keksien koristelua. Olen Harry Potter -fani ja olen j\u00e4rjest\u00e4nyt lukemattomia Harry Potter -juhlia. Fanitan my\u00f6s halloweenia ja leivon jouluisin kasoittain joulupipareita. Leivon yleens\u00e4 gluteenittomasti lapseni keliakian takia. Kirjoitan t\u00e4\u00e4ll\u00e4 blogissani p\u00e4\u00e4asiassa leipomiseen liittyvist\u00e4 jutuista, sek\u00e4 jaan gluteenittomia reseptej\u00e4 ja kuvia koristelluista kekseist\u00e4.&nbsp;<br><\/div>\n<div><br><\/div>\n<div>Olen aktiivinen instagramissa, josta minut l\u00f6yt\u00e4\u00e4 nimell\u00e4 Pikeeripossu. Sivultani l\u00f6ytyy paljon keksienkoristeluun liittyvi\u00e4 videoita ja ohjeita sek\u00e4 suomeksi ett\u00e4 englanniksi.<br><\/div>\n<p><br><\/p>\n<p><br><\/p>\n<p>laura.nores@pikeeripossu.fi<\/p>\n<p><strong>En valitettavasti ota tilauksia vastaan<\/strong><\/p>\t\t\t\t\t\t\t\t<\/div>\n\t\t\t\t<\/div>\n\t\t\t\t\t<\/div>\n\t\t<\/div>\n\t\t\t\t\t<\/div>\n\t\t<\/section>\n\t\t\t\t<\/div>\n\t\t","protected":false},"excerpt":{"rendered":"<p>Hei, kiva kun eksyit sivuilleni! Olen Pikeeripossu, oikealta nimelt\u00e4ni Laura. Sairastan vaikeaa kroonista migreeni\u00e4 ja harrastan keksien koristelua. Olen Harry Potter -fani ja olen j\u00e4rjest\u00e4nyt lukemattomia Harry Potter [&hellip;]<\/p>\n","protected":false},"author":1,"featured_media":0,"parent":0,"menu_order":0,"comment_status":"closed","ping_status":"closed","template":"","meta":{"_uag_custom_page_level_css":"","_monsterinsights_skip_tracking":false,"_monsterinsights_sitenote_active":false,"_monsterinsights_sitenote_note":"","_monsterinsights_sitenote_category":0,"site-sidebar-layout":"no-sidebar","site-content-layout":"page-builder","ast-site-content-layout":"default","site-content-style":"default","site-sidebar-style":"default","ast-global-header-display":"","ast-banner-title-visibility":"","ast-main-header-display":"","ast-hfb-above-header-display":"","ast-hfb-below-header-display":"","ast-hfb-mobile-header-display":"","site-post-title":"disabled","ast-breadcrumbs-content":"","ast-featured-img":"disabled","footer-sml-layout":"","ast-disable-related-posts":"","theme-transparent-header-meta":"enabled","adv-header-id-meta":"","stick-header-meta":"","header-above-stick-meta":"","header-main-stick-meta":"","header-below-stick-meta":"","astra-migrate-meta-layouts":"default","ast-page-background-enabled":"default","ast-page-background-meta":{"desktop":{"background-color":"","background-image":"","background-repeat":"repeat","background-position":"center center","background-size":"auto","background-attachment":"scroll","background-type":"","background-media":"","overlay-type":"","overlay-color":"","overlay-opacity":"","overlay-gradient":""},"tablet":{"background-color":"","background-image":"","background-repeat":"repeat","background-position":"center center","background-size":"auto","background-attachment":"scroll","background-type":"","background-media":"","overlay-type":"","overlay-color":"","overlay-opacity":"","overlay-gradient":""},"mobile":{"background-color":"","background-image":"","background-repeat":"repeat","background-position":"center center","background-size":"auto","background-attachment":"scroll","background-type":"","background-media":"","overlay-type":"","overlay-color":"","overlay-opacity":"","overlay-gradient":""}},"ast-content-background-meta":{"desktop":{"background-color":"var(--ast-global-color-5)","background-image":"","background-repeat":"repeat","background-position":"center center","background-size":"auto","background-attachment":"scroll","background-type":"","background-media":"","overlay-type":"","overlay-color":"","overlay-opacity":"","overlay-gradient":""},"tablet":{"background-color":"var(--ast-global-color-5)","background-image":"","background-repeat":"repeat","background-position":"center center","background-size":"auto","background-attachment":"scroll","background-type":"","background-media":"","overlay-type":"","overlay-color":"","overlay-opacity":"","overlay-gradient":""},"mobile":{"background-color":"var(--ast-global-color-5)","background-image":"","background-repeat":"repeat","background-position":"center center","background-size":"auto","background-attachment":"scroll","background-type":"","background-media":"","overlay-type":"","overlay-color":"","overlay-opacity":"","overlay-gradient":""}},"footnotes":""},"class_list":["post-4","page","type-page","status-publish","hentry"],"yoast_head":"<!-- This site is optimized with the Yoast SEO plugin v27.6 - https:\/\/yoast.com\/product\/yoast-seo-wordpress\/ -->\n<title>About Me - Pikeeripossu<\/title>\n<meta name=\"robots\" content=\"index, follow, max-snippet:-1, max-image-preview:large, max-video-preview:-1\" \/>\n<link rel=\"canonical\" href=\"https:\/\/www.pikeeripossu.fi\/index.php\/about-me\/\" \/>\n<meta property=\"og:locale\" content=\"fi_FI\" \/>\n<meta property=\"og:type\" content=\"article\" \/>\n<meta property=\"og:title\" content=\"About Me - Pikeeripossu\" \/>\n<meta property=\"og:description\" content=\"Hei, kiva kun eksyit sivuilleni! Olen Pikeeripossu, oikealta nimelt\u00e4ni Laura. Sairastan vaikeaa kroonista migreeni\u00e4 ja harrastan keksien koristelua. Olen Harry Potter -fani ja olen j\u00e4rjest\u00e4nyt lukemattomia Harry Potter [&hellip;]\" \/>\n<meta property=\"og:url\" content=\"https:\/\/www.pikeeripossu.fi\/index.php\/about-me\/\" \/>\n<meta property=\"og:site_name\" content=\"Pikeeripossu\" \/>\n<meta property=\"article:modified_time\" content=\"2025-11-13T20:40:15+00:00\" \/>\n<meta property=\"og:image\" content=\"https:\/\/www.pikeeripossu.fi\/wp-content\/uploads\/2023\/01\/IMG_7565_jpg.jpg\" \/>\n\t<meta property=\"og:image:width\" content=\"480\" \/>\n\t<meta property=\"og:image:height\" content=\"640\" \/>\n\t<meta property=\"og:image:type\" content=\"image\/jpeg\" \/>\n<meta name=\"twitter:card\" content=\"summary_large_image\" \/>\n<meta name=\"twitter:label1\" content=\"Arvioitu lukuaika\" \/>\n\t<meta name=\"twitter:data1\" content=\"1 minuutti\" \/>\n<script type=\"application\/ld+json\" class=\"yoast-schema-graph\">{\"@context\":\"https:\\\/\\\/schema.org\",\"@graph\":[{\"@type\":\"WebPage\",\"@id\":\"https:\\\/\\\/www.pikeeripossu.fi\\\/index.php\\\/about-me\\\/\",\"url\":\"https:\\\/\\\/www.pikeeripossu.fi\\\/index.php\\\/about-me\\\/\",\"name\":\"About Me - Pikeeripossu\",\"isPartOf\":{\"@id\":\"https:\\\/\\\/www.pikeeripossu.fi\\\/#website\"},\"primaryImageOfPage\":{\"@id\":\"https:\\\/\\\/www.pikeeripossu.fi\\\/index.php\\\/about-me\\\/#primaryimage\"},\"image\":{\"@id\":\"https:\\\/\\\/www.pikeeripossu.fi\\\/index.php\\\/about-me\\\/#primaryimage\"},\"thumbnailUrl\":\"https:\\\/\\\/www.pikeeripossu.fi\\\/wp-content\\\/uploads\\\/2023\\\/01\\\/IMG_7565_jpg.jpg\",\"datePublished\":\"2018-04-10T05:01:00+00:00\",\"dateModified\":\"2025-11-13T20:40:15+00:00\",\"breadcrumb\":{\"@id\":\"https:\\\/\\\/www.pikeeripossu.fi\\\/index.php\\\/about-me\\\/#breadcrumb\"},\"inLanguage\":\"fi\",\"potentialAction\":[{\"@type\":\"ReadAction\",\"target\":[\"https:\\\/\\\/www.pikeeripossu.fi\\\/index.php\\\/about-me\\\/\"]}]},{\"@type\":\"ImageObject\",\"inLanguage\":\"fi\",\"@id\":\"https:\\\/\\\/www.pikeeripossu.fi\\\/index.php\\\/about-me\\\/#primaryimage\",\"url\":\"https:\\\/\\\/www.pikeeripossu.fi\\\/wp-content\\\/uploads\\\/2023\\\/01\\\/IMG_7565_jpg.jpg\",\"contentUrl\":\"https:\\\/\\\/www.pikeeripossu.fi\\\/wp-content\\\/uploads\\\/2023\\\/01\\\/IMG_7565_jpg.jpg\",\"width\":480,\"height\":640},{\"@type\":\"BreadcrumbList\",\"@id\":\"https:\\\/\\\/www.pikeeripossu.fi\\\/index.php\\\/about-me\\\/#breadcrumb\",\"itemListElement\":[{\"@type\":\"ListItem\",\"position\":1,\"name\":\"Home\",\"item\":\"https:\\\/\\\/www.pikeeripossu.fi\\\/\"},{\"@type\":\"ListItem\",\"position\":2,\"name\":\"About Me\"}]},{\"@type\":\"WebSite\",\"@id\":\"https:\\\/\\\/www.pikeeripossu.fi\\\/#website\",\"url\":\"https:\\\/\\\/www.pikeeripossu.fi\\\/\",\"name\":\"Pikeeripossu\",\"description\":\"Taikinaterapiaa\",\"publisher\":{\"@id\":\"https:\\\/\\\/www.pikeeripossu.fi\\\/#\\\/schema\\\/person\\\/109f1067fdf285540fa586703c9b2f96\"},\"potentialAction\":[{\"@type\":\"SearchAction\",\"target\":{\"@type\":\"EntryPoint\",\"urlTemplate\":\"https:\\\/\\\/www.pikeeripossu.fi\\\/?s={search_term_string}\"},\"query-input\":{\"@type\":\"PropertyValueSpecification\",\"valueRequired\":true,\"valueName\":\"search_term_string\"}}],\"inLanguage\":\"fi\"},{\"@type\":[\"Person\",\"Organization\"],\"@id\":\"https:\\\/\\\/www.pikeeripossu.fi\\\/#\\\/schema\\\/person\\\/109f1067fdf285540fa586703c9b2f96\",\"name\":\"Pikeeripossu\",\"image\":{\"@type\":\"ImageObject\",\"inLanguage\":\"fi\",\"@id\":\"https:\\\/\\\/www.pikeeripossu.fi\\\/wp-content\\\/uploads\\\/2020\\\/03\\\/cropped-path3957-8.png\",\"url\":\"https:\\\/\\\/www.pikeeripossu.fi\\\/wp-content\\\/uploads\\\/2020\\\/03\\\/cropped-path3957-8.png\",\"contentUrl\":\"https:\\\/\\\/www.pikeeripossu.fi\\\/wp-content\\\/uploads\\\/2020\\\/03\\\/cropped-path3957-8.png\",\"width\":150,\"height\":50,\"caption\":\"Pikeeripossu\"},\"logo\":{\"@id\":\"https:\\\/\\\/www.pikeeripossu.fi\\\/wp-content\\\/uploads\\\/2020\\\/03\\\/cropped-path3957-8.png\"}}]}<\/script>\n<!-- \/ Yoast SEO plugin. -->","yoast_head_json":{"title":"About Me - Pikeeripossu","robots":{"index":"index","follow":"follow","max-snippet":"max-snippet:-1","max-image-preview":"max-image-preview:large","max-video-preview":"max-video-preview:-1"},"canonical":"https:\/\/www.pikeeripossu.fi\/index.php\/about-me\/","og_locale":"fi_FI","og_type":"article","og_title":"About Me - Pikeeripossu","og_description":"Hei, kiva kun eksyit sivuilleni! Olen Pikeeripossu, oikealta nimelt\u00e4ni Laura. Sairastan vaikeaa kroonista migreeni\u00e4 ja harrastan keksien koristelua. Olen Harry Potter -fani ja olen j\u00e4rjest\u00e4nyt lukemattomia Harry Potter [&hellip;]","og_url":"https:\/\/www.pikeeripossu.fi\/index.php\/about-me\/","og_site_name":"Pikeeripossu","article_modified_time":"2025-11-13T20:40:15+00:00","og_image":[{"width":480,"height":640,"url":"https:\/\/www.pikeeripossu.fi\/wp-content\/uploads\/2023\/01\/IMG_7565_jpg.jpg","type":"image\/jpeg"}],"twitter_card":"summary_large_image","twitter_misc":{"Arvioitu lukuaika":"1 minuutti"},"schema":{"@context":"https:\/\/schema.org","@graph":[{"@type":"WebPage","@id":"https:\/\/www.pikeeripossu.fi\/index.php\/about-me\/","url":"https:\/\/www.pikeeripossu.fi\/index.php\/about-me\/","name":"About Me - Pikeeripossu","isPartOf":{"@id":"https:\/\/www.pikeeripossu.fi\/#website"},"primaryImageOfPage":{"@id":"https:\/\/www.pikeeripossu.fi\/index.php\/about-me\/#primaryimage"},"image":{"@id":"https:\/\/www.pikeeripossu.fi\/index.php\/about-me\/#primaryimage"},"thumbnailUrl":"https:\/\/www.pikeeripossu.fi\/wp-content\/uploads\/2023\/01\/IMG_7565_jpg.jpg","datePublished":"2018-04-10T05:01:00+00:00","dateModified":"2025-11-13T20:40:15+00:00","breadcrumb":{"@id":"https:\/\/www.pikeeripossu.fi\/index.php\/about-me\/#breadcrumb"},"inLanguage":"fi","potentialAction":[{"@type":"ReadAction","target":["https:\/\/www.pikeeripossu.fi\/index.php\/about-me\/"]}]},{"@type":"ImageObject","inLanguage":"fi","@id":"https:\/\/www.pikeeripossu.fi\/index.php\/about-me\/#primaryimage","url":"https:\/\/www.pikeeripossu.fi\/wp-content\/uploads\/2023\/01\/IMG_7565_jpg.jpg","contentUrl":"https:\/\/www.pikeeripossu.fi\/wp-content\/uploads\/2023\/01\/IMG_7565_jpg.jpg","width":480,"height":640},{"@type":"BreadcrumbList","@id":"https:\/\/www.pikeeripossu.fi\/index.php\/about-me\/#breadcrumb","itemListElement":[{"@type":"ListItem","position":1,"name":"Home","item":"https:\/\/www.pikeeripossu.fi\/"},{"@type":"ListItem","position":2,"name":"About Me"}]},{"@type":"WebSite","@id":"https:\/\/www.pikeeripossu.fi\/#website","url":"https:\/\/www.pikeeripossu.fi\/","name":"Pikeeripossu","description":"Taikinaterapiaa","publisher":{"@id":"https:\/\/www.pikeeripossu.fi\/#\/schema\/person\/109f1067fdf285540fa586703c9b2f96"},"potentialAction":[{"@type":"SearchAction","target":{"@type":"EntryPoint","urlTemplate":"https:\/\/www.pikeeripossu.fi\/?s={search_term_string}"},"query-input":{"@type":"PropertyValueSpecification","valueRequired":true,"valueName":"search_term_string"}}],"inLanguage":"fi"},{"@type":["Person","Organization"],"@id":"https:\/\/www.pikeeripossu.fi\/#\/schema\/person\/109f1067fdf285540fa586703c9b2f96","name":"Pikeeripossu","image":{"@type":"ImageObject","inLanguage":"fi","@id":"https:\/\/www.pikeeripossu.fi\/wp-content\/uploads\/2020\/03\/cropped-path3957-8.png","url":"https:\/\/www.pikeeripossu.fi\/wp-content\/uploads\/2020\/03\/cropped-path3957-8.png","contentUrl":"https:\/\/www.pikeeripossu.fi\/wp-content\/uploads\/2020\/03\/cropped-path3957-8.png","width":150,"height":50,"caption":"Pikeeripossu"},"logo":{"@id":"https:\/\/www.pikeeripossu.fi\/wp-content\/uploads\/2020\/03\/cropped-path3957-8.png"}}]}},"uagb_featured_image_src":{"full":false,"thumbnail":false,"medium":false,"medium_large":false,"large":false,"1536x1536":false,"2048x2048":false},"uagb_author_info":{"display_name":"Pikeeripossu","author_link":"https:\/\/www.pikeeripossu.fi\/index.php\/author\/admin\/"},"uagb_comment_info":0,"uagb_excerpt":"Hei, kiva kun eksyit sivuilleni! Olen Pikeeripossu, oikealta nimelt\u00e4ni Laura. Sairastan vaikeaa kroonista migreeni\u00e4 ja harrastan keksien koristelua. Olen Harry Potter -fani ja olen j\u00e4rjest\u00e4nyt lukemattomia Harry Potter [&hellip;]","_links":{"self":[{"href":"https:\/\/www.pikeeripossu.fi\/index.php\/wp-json\/wp\/v2\/pages\/4","targetHints":{"allow":["GET"]}}],"collection":[{"href":"https:\/\/www.pikeeripossu.fi\/index.php\/wp-json\/wp\/v2\/pages"}],"about":[{"href":"https:\/\/www.pikeeripossu.fi\/index.php\/wp-json\/wp\/v2\/types\/page"}],"author":[{"embeddable":true,"href":"https:\/\/www.pikeeripossu.fi\/index.php\/wp-json\/wp\/v2\/users\/1"}],"replies":[{"embeddable":true,"href":"https:\/\/www.pikeeripossu.fi\/index.php\/wp-json\/wp\/v2\/comments?post=4"}],"version-history":[{"count":17,"href":"https:\/\/www.pikeeripossu.fi\/index.php\/wp-json\/wp\/v2\/pages\/4\/revisions"}],"predecessor-version":[{"id":1739,"href":"https:\/\/www.pikeeripossu.fi\/index.php\/wp-json\/wp\/v2\/pages\/4\/revisions\/1739"}],"wp:attachment":[{"href":"https:\/\/www.pikeeripossu.fi\/index.php\/wp-json\/wp\/v2\/media?parent=4"}],"curies":[{"name":"wp","href":"https:\/\/api.w.org\/{rel}","templated":true}]}}